{"id":6524,"date":"2025-04-21T08:34:18","date_gmt":"2025-04-21T06:34:18","guid":{"rendered":"https:\/\/ffe.ro\/2025\/?page_id=6524"},"modified":"2025-05-18T13:05:23","modified_gmt":"2025-05-18T11:05:23","slug":"premiul-publicului","status":"publish","type":"page","link":"https:\/\/ffe.ro\/2025\/premiul-publicului\/","title":{"rendered":"Premiul Publicului"},"content":{"rendered":"\t\t<div data-elementor-type=\"wp-page\" data-elementor-id=\"6524\" class=\"elementor elementor-6524\">\n\t\t\t\t<div class=\"elementor-element elementor-element-7ab6911 e-flex e-con-boxed e-con e-parent\" data-id=\"7ab6911\" data-element_type=\"container\">\n\t\t\t\t\t<div class=\"e-con-inner\">\n\t\t<div class=\"elementor-element elementor-element-b5591b5 e-con-full e-flex e-con e-child\" data-id=\"b5591b5\" data-element_type=\"container\">\n\t\t\t\t<div class=\"elementor-element elementor-element-55e6717 elementor-widget elementor-widget-text-editor\" data-id=\"55e6717\" data-element_type=\"widget\" data-widget_type=\"text-editor.default\">\n\t\t\t\t<div class=\"elementor-widget-container\">\n\t\t\t\t\t\t\t\t\t<p><strong>Premiul Publicului<\/strong><br \/>Premiul Publicului este un premiu onorific, de popularitate, care se acord\u0103 filmului care \u00eentrune\u0219te cele mai multe voturi din partea cinefililor.<\/p><p>Procedura de vot este foarte simpl\u0103, tot ce trebuie s\u0103 face\u021bi este s\u0103 intra\u021bi \u00een sec\u021biunea Filme\/Program, s\u0103 deschide\u021bi filmul vizionat \u0219i s\u0103 vota\u021bi de la 1 la 5 (\u00een care 5 \u00eenseamn\u0103 c\u0103 v-a pl\u0103cut foarte mult), \u00een func\u021bie de preferin\u021be.<\/p><p>Premiul va fi decernat la Gala de \u00eenchidere a Festivalului, pe 18 mai, la Cinemateca Eforie.<\/p><p><img fetchpriority=\"high\" decoding=\"async\" class=\"alignnone size-medium wp-image-7940\" src=\"https:\/\/ffe.ro\/2025\/wp-content\/uploads\/2025\/04\/logo-premiul-publicului-ed29-300x236.png\" alt=\"\" width=\"300\" height=\"236\" srcset=\"https:\/\/ffe.ro\/2025\/wp-content\/uploads\/2025\/04\/logo-premiul-publicului-ed29-300x236.png 300w, https:\/\/ffe.ro\/2025\/wp-content\/uploads\/2025\/04\/logo-premiul-publicului-ed29-1024x804.png 1024w, https:\/\/ffe.ro\/2025\/wp-content\/uploads\/2025\/04\/logo-premiul-publicului-ed29-768x603.png 768w, https:\/\/ffe.ro\/2025\/wp-content\/uploads\/2025\/04\/logo-premiul-publicului-ed29-1536x1206.png 1536w\" sizes=\"(max-width: 300px) 100vw, 300px\" \/><\/p>\t\t\t\t\t\t\t\t<\/div>\n\t\t\t\t<\/div>\n\t\t\t\t<\/div>\n\t\t<div class=\"elementor-element elementor-element-c0c9001 e-con-full e-flex e-con e-child\" data-id=\"c0c9001\" data-element_type=\"container\">\n\t\t\t\t<div class=\"elementor-element elementor-element-898abd1 elementor-widget elementor-widget-text-editor\" data-id=\"898abd1\" data-element_type=\"widget\" data-widget_type=\"text-editor.default\">\n\t\t\t\t<div class=\"elementor-widget-container\">\n\t\t\t\t\t\t\t\t\t<p><style>\n.film-top-grid {\n    display: grid;\n    grid-template-columns: repeat(auto-fit, minmax(300px, 1fr));\n    gap: 20px;\n    font-family: \"Josefin Sans\", sans-serif;\n    padding: 0;\n    margin: 0;\n    list-style: none;\n}\n.film-top-item {\n    display: flex;\n    align-items: center;\n    background: #f9f9f9;\n    padding: 10px;\n    border-radius: 8px;\n    box-shadow: 0 2px 6px rgba(0,0,0,0.05);\n    min-height: 160px;\n}\n.film-top-thumb {\n    width: 100px;\n    height: 150px;\n    flex-shrink: 0;\n    display: flex;\n    align-items: center;\n    justify-content: center;\n    margin-right: 12px;\n}\n.film-top-thumb img {\n    max-width: 100%;\n    max-height: 100%;\n    object-fit: contain;\n    border-radius: 4px;\n}\n.film-top-info {\n    flex: 1;\n    display: flex;\n    flex-direction: column;\n    justify-content: center;\n}\n.film-top-info a {\n    font-weight: bold;\n    font-size: 1.05rem;\n    color: #111;\n    text-decoration: none;\n    display: inline-block;\n    margin-bottom: 4px;\n}\n.film-top-info span {\n    font-size: 0.9rem;\n    color: #444;\n}\n<\/style><ul class=\"film-top-grid\"><li class=\"film-top-item\"><div class=\"film-top-thumb\"><img decoding=\"async\" width=\"211\" height=\"300\" src=\"https:\/\/ffe.ro\/2025\/wp-content\/uploads\/2025\/04\/poster70x100_ENG_PECHAT-scaled-e1746006078292-211x300.jpg\" class=\"attachment-medium size-medium wp-post-image\" alt=\"\" srcset=\"https:\/\/ffe.ro\/2025\/wp-content\/uploads\/2025\/04\/poster70x100_ENG_PECHAT-scaled-e1746006078292-211x300.jpg 211w, https:\/\/ffe.ro\/2025\/wp-content\/uploads\/2025\/04\/poster70x100_ENG_PECHAT-scaled-e1746006078292-720x1024.jpg 720w, https:\/\/ffe.ro\/2025\/wp-content\/uploads\/2025\/04\/poster70x100_ENG_PECHAT-scaled-e1746006078292-768x1092.jpg 768w, https:\/\/ffe.ro\/2025\/wp-content\/uploads\/2025\/04\/poster70x100_ENG_PECHAT-scaled-e1746006078292-1080x1536.jpg 1080w, https:\/\/ffe.ro\/2025\/wp-content\/uploads\/2025\/04\/poster70x100_ENG_PECHAT-scaled-e1746006078292-1440x2048.jpg 1440w, https:\/\/ffe.ro\/2025\/wp-content\/uploads\/2025\/04\/poster70x100_ENG_PECHAT-scaled-e1746006078292.jpg 1758w\" sizes=\"(max-width: 211px) 100vw, 211px\" \/><\/div><div class=\"film-top-info\"><span>1. <a href=\"https:\/\/ffe.ro\/2025\/en\/filme\/big-world-en\/\">Big world EN<\/a><\/span><span><strong>4.5<\/strong> <span style=\"color:#f5b301;\">\u2605<\/span><\/span><\/div><\/li><li class=\"film-top-item\"><div class=\"film-top-thumb\"><img decoding=\"async\" width=\"214\" height=\"300\" src=\"https:\/\/ffe.ro\/2025\/wp-content\/uploads\/2025\/04\/Poster_1489_1080x1920-e1745994139831-214x300.png\" class=\"attachment-medium size-medium wp-post-image\" alt=\"\" srcset=\"https:\/\/ffe.ro\/2025\/wp-content\/uploads\/2025\/04\/Poster_1489_1080x1920-e1745994139831-214x300.png 214w, https:\/\/ffe.ro\/2025\/wp-content\/uploads\/2025\/04\/Poster_1489_1080x1920-e1745994139831-729x1024.png 729w, https:\/\/ffe.ro\/2025\/wp-content\/uploads\/2025\/04\/Poster_1489_1080x1920-e1745994139831-768x1078.png 768w, https:\/\/ffe.ro\/2025\/wp-content\/uploads\/2025\/04\/Poster_1489_1080x1920-e1745994139831.png 1080w\" sizes=\"(max-width: 214px) 100vw, 214px\" \/><\/div><div class=\"film-top-info\"><span>2. <a href=\"https:\/\/ffe.ro\/2025\/en\/filme\/1489-2\/\">1489<\/a><\/span><span><strong>4.7<\/strong> <span style=\"color:#f5b301;\">\u2605<\/span><\/span><\/div><\/li><li class=\"film-top-item\"><div class=\"film-top-thumb\"><img loading=\"lazy\" decoding=\"async\" width=\"210\" height=\"300\" src=\"https:\/\/ffe.ro\/2025\/wp-content\/uploads\/2025\/04\/Poster_TOXIC_small-210x300.jpg\" class=\"attachment-medium size-medium wp-post-image\" alt=\"\" srcset=\"https:\/\/ffe.ro\/2025\/wp-content\/uploads\/2025\/04\/Poster_TOXIC_small-210x300.jpg 210w, https:\/\/ffe.ro\/2025\/wp-content\/uploads\/2025\/04\/Poster_TOXIC_small-717x1024.jpg 717w, https:\/\/ffe.ro\/2025\/wp-content\/uploads\/2025\/04\/Poster_TOXIC_small-768x1097.jpg 768w, https:\/\/ffe.ro\/2025\/wp-content\/uploads\/2025\/04\/Poster_TOXIC_small-1075x1536.jpg 1075w, https:\/\/ffe.ro\/2025\/wp-content\/uploads\/2025\/04\/Poster_TOXIC_small.jpg 1344w\" sizes=\"(max-width: 210px) 100vw, 210px\" \/><\/div><div class=\"film-top-info\"><span>3. <a href=\"https:\/\/ffe.ro\/2025\/filme\/toxic\/\">Toxic<\/a><\/span><span><strong>4.9<\/strong> <span style=\"color:#f5b301;\">\u2605<\/span><\/span><\/div><\/li><li class=\"film-top-item\"><div class=\"film-top-thumb\"><img loading=\"lazy\" decoding=\"async\" width=\"211\" height=\"300\" src=\"https:\/\/ffe.ro\/2025\/wp-content\/uploads\/2025\/04\/Poster-BANZO-211x300.jpg\" class=\"attachment-medium size-medium wp-post-image\" alt=\"\" srcset=\"https:\/\/ffe.ro\/2025\/wp-content\/uploads\/2025\/04\/Poster-BANZO-211x300.jpg 211w, https:\/\/ffe.ro\/2025\/wp-content\/uploads\/2025\/04\/Poster-BANZO-721x1024.jpg 721w, https:\/\/ffe.ro\/2025\/wp-content\/uploads\/2025\/04\/Poster-BANZO-768x1090.jpg 768w, https:\/\/ffe.ro\/2025\/wp-content\/uploads\/2025\/04\/Poster-BANZO-1082x1536.jpg 1082w, https:\/\/ffe.ro\/2025\/wp-content\/uploads\/2025\/04\/Poster-BANZO-1443x2048.jpg 1443w, https:\/\/ffe.ro\/2025\/wp-content\/uploads\/2025\/04\/Poster-BANZO-scaled.jpg 1803w\" sizes=\"(max-width: 211px) 100vw, 211px\" \/><\/div><div class=\"film-top-info\"><span>4. <a href=\"https:\/\/ffe.ro\/2025\/filme\/banzo\/\">Banzo<\/a><\/span><span><strong>2.7<\/strong> <span style=\"color:#f5b301;\">\u2605<\/span><\/span><\/div><\/li><li class=\"film-top-item\"><div class=\"film-top-thumb\"><img loading=\"lazy\" decoding=\"async\" width=\"212\" height=\"300\" src=\"https:\/\/ffe.ro\/2025\/wp-content\/uploads\/2025\/04\/Poster_Moon-International-Version-212x300.jpg\" class=\"attachment-medium size-medium wp-post-image\" alt=\"\" srcset=\"https:\/\/ffe.ro\/2025\/wp-content\/uploads\/2025\/04\/Poster_Moon-International-Version-212x300.jpg 212w, https:\/\/ffe.ro\/2025\/wp-content\/uploads\/2025\/04\/Poster_Moon-International-Version-723x1024.jpg 723w, https:\/\/ffe.ro\/2025\/wp-content\/uploads\/2025\/04\/Poster_Moon-International-Version-768x1087.jpg 768w, https:\/\/ffe.ro\/2025\/wp-content\/uploads\/2025\/04\/Poster_Moon-International-Version-1085x1536.jpg 1085w, https:\/\/ffe.ro\/2025\/wp-content\/uploads\/2025\/04\/Poster_Moon-International-Version-1447x2048.jpg 1447w, https:\/\/ffe.ro\/2025\/wp-content\/uploads\/2025\/04\/Poster_Moon-International-Version.jpg 1684w\" sizes=\"(max-width: 212px) 100vw, 212px\" \/><\/div><div class=\"film-top-info\"><span>5. <a href=\"https:\/\/ffe.ro\/2025\/filme\/luna\/\">Luna<\/a><\/span><span><strong>4.8<\/strong> <span style=\"color:#f5b301;\">\u2605<\/span><\/span><\/div><\/li><li class=\"film-top-item\"><div class=\"film-top-thumb\"><img loading=\"lazy\" decoding=\"async\" width=\"210\" height=\"300\" src=\"https:\/\/ffe.ro\/2025\/wp-content\/uploads\/2025\/04\/Still-2-scaled-e1745993936666-210x300.png\" class=\"attachment-medium size-medium wp-post-image\" alt=\"\" srcset=\"https:\/\/ffe.ro\/2025\/wp-content\/uploads\/2025\/04\/Still-2-scaled-e1745993936666-210x300.png 210w, https:\/\/ffe.ro\/2025\/wp-content\/uploads\/2025\/04\/Still-2-scaled-e1745993936666-718x1024.png 718w, https:\/\/ffe.ro\/2025\/wp-content\/uploads\/2025\/04\/Still-2-scaled-e1745993936666-768x1096.png 768w, https:\/\/ffe.ro\/2025\/wp-content\/uploads\/2025\/04\/Still-2-scaled-e1745993936666-1077x1536.png 1077w, https:\/\/ffe.ro\/2025\/wp-content\/uploads\/2025\/04\/Still-2-scaled-e1745993936666.png 1160w\" sizes=\"(max-width: 210px) 100vw, 210px\" \/><\/div><div class=\"film-top-info\"><span>6. <a href=\"https:\/\/ffe.ro\/2025\/filme\/arma-suprema\/\">Arma suprem\u0103<\/a><\/span><span><strong>3.7<\/strong> <span style=\"color:#f5b301;\">\u2605<\/span><\/span><\/div><\/li><li class=\"film-top-item\"><div class=\"film-top-thumb\"><img loading=\"lazy\" decoding=\"async\" width=\"211\" height=\"300\" src=\"https:\/\/ffe.ro\/2025\/wp-content\/uploads\/2025\/05\/GOC_2_Poster_Print_100x70_LOGOS-UPDATE_RO_QR-211x300.jpg\" class=\"attachment-medium size-medium wp-post-image\" alt=\"\" srcset=\"https:\/\/ffe.ro\/2025\/wp-content\/uploads\/2025\/05\/GOC_2_Poster_Print_100x70_LOGOS-UPDATE_RO_QR-211x300.jpg 211w, https:\/\/ffe.ro\/2025\/wp-content\/uploads\/2025\/05\/GOC_2_Poster_Print_100x70_LOGOS-UPDATE_RO_QR-720x1024.jpg 720w, https:\/\/ffe.ro\/2025\/wp-content\/uploads\/2025\/05\/GOC_2_Poster_Print_100x70_LOGOS-UPDATE_RO_QR-768x1092.jpg 768w, https:\/\/ffe.ro\/2025\/wp-content\/uploads\/2025\/05\/GOC_2_Poster_Print_100x70_LOGOS-UPDATE_RO_QR-1080x1536.jpg 1080w, https:\/\/ffe.ro\/2025\/wp-content\/uploads\/2025\/05\/GOC_2_Poster_Print_100x70_LOGOS-UPDATE_RO_QR-1440x2048.jpg 1440w, https:\/\/ffe.ro\/2025\/wp-content\/uploads\/2025\/05\/GOC_2_Poster_Print_100x70_LOGOS-UPDATE_RO_QR-scaled.jpg 1800w\" sizes=\"(max-width: 211px) 100vw, 211px\" \/><\/div><div class=\"film-top-info\"><span>7. <a href=\"https:\/\/ffe.ro\/2025\/filme\/guvernul-copiilor-ii\/\">Guvernul copiilor II<\/a><\/span><span><strong>4.5<\/strong> <span style=\"color:#f5b301;\">\u2605<\/span><\/span><\/div><\/li><li class=\"film-top-item\"><div class=\"film-top-thumb\"><img loading=\"lazy\" decoding=\"async\" width=\"210\" height=\"300\" src=\"https:\/\/ffe.ro\/2025\/wp-content\/uploads\/2025\/04\/Poster_Iaccidentallywroteabook-210x300.jpg\" class=\"attachment-medium size-medium wp-post-image\" alt=\"\" srcset=\"https:\/\/ffe.ro\/2025\/wp-content\/uploads\/2025\/04\/Poster_Iaccidentallywroteabook-210x300.jpg 210w, https:\/\/ffe.ro\/2025\/wp-content\/uploads\/2025\/04\/Poster_Iaccidentallywroteabook.jpg 520w\" sizes=\"(max-width: 210px) 100vw, 210px\" \/><\/div><div class=\"film-top-info\"><span>8. <a href=\"https:\/\/ffe.ro\/2025\/filme\/am-scris-intamplator-o-carte\/\">Am scris \u00eent\u00e2mpl\u0103tor o carte<\/a><\/span><span><strong>4<\/strong> <span style=\"color:#f5b301;\">\u2605<\/span><\/span><\/div><\/li><li class=\"film-top-item\"><div class=\"film-top-thumb\"><img loading=\"lazy\" decoding=\"async\" width=\"212\" height=\"300\" src=\"https:\/\/ffe.ro\/2025\/wp-content\/uploads\/2025\/04\/DV-BD-Poster-A2-Englisch-212x300.jpg\" class=\"attachment-medium size-medium wp-post-image\" alt=\"\" srcset=\"https:\/\/ffe.ro\/2025\/wp-content\/uploads\/2025\/04\/DV-BD-Poster-A2-Englisch-212x300.jpg 212w, https:\/\/ffe.ro\/2025\/wp-content\/uploads\/2025\/04\/DV-BD-Poster-A2-Englisch-724x1024.jpg 724w, https:\/\/ffe.ro\/2025\/wp-content\/uploads\/2025\/04\/DV-BD-Poster-A2-Englisch-768x1086.jpg 768w, https:\/\/ffe.ro\/2025\/wp-content\/uploads\/2025\/04\/DV-BD-Poster-A2-Englisch-1086x1536.jpg 1086w, https:\/\/ffe.ro\/2025\/wp-content\/uploads\/2025\/04\/DV-BD-Poster-A2-Englisch-1448x2048.jpg 1448w, https:\/\/ffe.ro\/2025\/wp-content\/uploads\/2025\/04\/DV-BD-Poster-A2-Englisch-scaled.jpg 1810w\" sizes=\"(max-width: 212px) 100vw, 212px\" \/><\/div><div class=\"film-top-info\"><span>9. <a href=\"https:\/\/ffe.ro\/2025\/filme\/excavatoare-si-drama\/\">Excavatoare \u0219i dram\u0103<\/a><\/span><span><strong>4<\/strong> <span style=\"color:#f5b301;\">\u2605<\/span><\/span><\/div><\/li><li class=\"film-top-item\"><div class=\"film-top-thumb\"><img loading=\"lazy\" decoding=\"async\" width=\"212\" height=\"300\" src=\"https:\/\/ffe.ro\/2025\/wp-content\/uploads\/2025\/04\/Poster_knochenundnamen_EN_rgb_1400px-212x300.jpg\" class=\"attachment-medium size-medium wp-post-image\" alt=\"\" srcset=\"https:\/\/ffe.ro\/2025\/wp-content\/uploads\/2025\/04\/Poster_knochenundnamen_EN_rgb_1400px-212x300.jpg 212w, https:\/\/ffe.ro\/2025\/wp-content\/uploads\/2025\/04\/Poster_knochenundnamen_EN_rgb_1400px-723x1024.jpg 723w, https:\/\/ffe.ro\/2025\/wp-content\/uploads\/2025\/04\/Poster_knochenundnamen_EN_rgb_1400px-768x1087.jpg 768w, https:\/\/ffe.ro\/2025\/wp-content\/uploads\/2025\/04\/Poster_knochenundnamen_EN_rgb_1400px.jpg 989w\" sizes=\"(max-width: 212px) 100vw, 212px\" \/><\/div><div class=\"film-top-info\"><span>10. <a href=\"https:\/\/ffe.ro\/2025\/filme\/oase-si-nume\/\">Oase \u0219i nume<\/a><\/span><span><strong>1<\/strong> <span style=\"color:#f5b301;\">\u2605<\/span><\/span><\/div><\/li><\/ul><\/p>\t\t\t\t\t\t\t\t<\/div>\n\t\t\t\t<\/div>\n\t\t\t\t<\/div>\n\t\t\t\t\t<\/div>\n\t\t\t\t<\/div>\n\t\t\t\t<\/div>\n\t\t","protected":false},"excerpt":{"rendered":"<p>Premiul PubliculuiPremiul Publicului este un premiu onorific, de popularitate, care se acord\u0103 filmului care \u00eentrune\u0219te cele mai [&hellip;]<\/p>\n","protected":false},"author":2,"featured_media":7940,"parent":0,"menu_order":0,"comment_status":"closed","ping_status":"closed","template":"","meta":{"footnotes":""},"class_list":["post-6524","page","type-page","status-publish","has-post-thumbnail","hentry"],"_links":{"self":[{"href":"https:\/\/ffe.ro\/2025\/wp-json\/wp\/v2\/pages\/6524","targetHints":{"allow":["GET"]}}],"collection":[{"href":"https:\/\/ffe.ro\/2025\/wp-json\/wp\/v2\/pages"}],"about":[{"href":"https:\/\/ffe.ro\/2025\/wp-json\/wp\/v2\/types\/page"}],"author":[{"embeddable":true,"href":"https:\/\/ffe.ro\/2025\/wp-json\/wp\/v2\/users\/2"}],"replies":[{"embeddable":true,"href":"https:\/\/ffe.ro\/2025\/wp-json\/wp\/v2\/comments?post=6524"}],"version-history":[{"count":23,"href":"https:\/\/ffe.ro\/2025\/wp-json\/wp\/v2\/pages\/6524\/revisions"}],"predecessor-version":[{"id":8395,"href":"https:\/\/ffe.ro\/2025\/wp-json\/wp\/v2\/pages\/6524\/revisions\/8395"}],"wp:featuredmedia":[{"embeddable":true,"href":"https:\/\/ffe.ro\/2025\/wp-json\/wp\/v2\/media\/7940"}],"wp:attachment":[{"href":"https:\/\/ffe.ro\/2025\/wp-json\/wp\/v2\/media?parent=6524"}],"curies":[{"name":"wp","href":"https:\/\/api.w.org\/{rel}","templated":true}]}}