{"id":6900,"date":"2025-04-23T13:24:53","date_gmt":"2025-04-23T11:24:53","guid":{"rendered":"https:\/\/ffe.ro\/2026\/?page_id=6900"},"modified":"2025-04-30T10:53:47","modified_gmt":"2025-04-30T08:53:47","slug":"utile","status":"publish","type":"page","link":"https:\/\/ffe.ro\/2026\/utile\/","title":{"rendered":"Utile"},"content":{"rendered":"\t\t<div data-elementor-type=\"wp-page\" data-elementor-id=\"6900\" class=\"elementor elementor-6900\">\n\t\t\t\t<div class=\"elementor-element elementor-element-67a0e7c e-flex e-con-boxed e-con e-parent\" data-id=\"67a0e7c\" data-element_type=\"container\">\n\t\t\t\t\t<div class=\"e-con-inner\">\n\t\t\t\t<div class=\"elementor-element elementor-element-2fbb50d e-n-tabs-mobile elementor-widget elementor-widget-n-tabs\" data-id=\"2fbb50d\" data-element_type=\"widget\" data-settings=\"{&quot;horizontal_scroll&quot;:&quot;disable&quot;}\" data-widget_type=\"nested-tabs.default\">\n\t\t\t\t<div class=\"elementor-widget-container\">\n\t\t\t\t\t\t\t<div class=\"e-n-tabs\" data-widget-number=\"50050317\" aria-label=\"Tabs. Open items with Enter or Space, close with Escape and navigate using the Arrow keys.\">\n\t\t\t<div class=\"e-n-tabs-heading\" role=\"tablist\">\n\t\t\t\t\t<button id=\"tabul\" class=\"e-n-tab-title\" aria-selected=\"true\" data-tab-index=\"1\" role=\"tab\" tabindex=\"0\" aria-controls=\"e-n-tab-content-500503171\" style=\"--n-tabs-title-order: 1;\">\n\t\t\t\t\t\t<span class=\"e-n-tab-title-text\">\n\t\t\t\tContact\t\t\t<\/span>\n\t\t<\/button>\n\t\t\t\t<button id=\"e-n-tab-title-500503172\" class=\"e-n-tab-title\" aria-selected=\"false\" data-tab-index=\"2\" role=\"tab\" tabindex=\"-1\" aria-controls=\"e-n-tab-content-500503172\" style=\"--n-tabs-title-order: 2;\">\n\t\t\t\t\t\t<span class=\"e-n-tab-title-text\">\n\t\t\t\tS\u0103li bilete\t\t\t<\/span>\n\t\t<\/button>\n\t\t\t\t<button id=\"e-n-tab-title-500503173\" class=\"e-n-tab-title\" aria-selected=\"false\" data-tab-index=\"3\" role=\"tab\" tabindex=\"-1\" aria-controls=\"e-n-tab-content-500503173\" style=\"--n-tabs-title-order: 3;\">\n\t\t\t\t\t\t<span class=\"e-n-tab-title-text\">\n\t\t\t\tModific\u0103ri \u00een program\t\t\t<\/span>\n\t\t<\/button>\n\t\t\t\t\t<\/div>\n\t\t\t<div class=\"e-n-tabs-content\">\n\t\t\t\t<div id=\"e-n-tab-content-500503171\" role=\"tabpanel\" aria-labelledby=\"tabul\" data-tab-index=\"1\" style=\"--n-tabs-title-order: 1;\" class=\"e-active elementor-element elementor-element-d74cb33 e-con-full e-flex e-con e-child\" data-id=\"d74cb33\" data-element_type=\"container\">\n\t\t<div class=\"elementor-element elementor-element-ecebf69 e-flex e-con-boxed e-con e-child\" data-id=\"ecebf69\" data-element_type=\"container\">\n\t\t\t\t\t<div class=\"e-con-inner\">\n\t\t\t\t<div class=\"elementor-element elementor-element-74ac3f8 elementor-widget elementor-widget-text-editor\" data-id=\"74ac3f8\" data-element_type=\"widget\" data-widget_type=\"text-editor.default\">\n\t\t\t\t<div class=\"elementor-widget-container\">\n\t\t\t\t\t\t\t\t\t<div style=\"text-align: center;\"><strong>FESTIVALUL FILMULUI EUROPEAN<\/strong><\/div><div style=\"text-align: center;\">C\u0103t\u0103lin Olaru, Directorul artistic 29.FFE &#8211; contact [at] ffe.ro<\/div><div style=\"text-align: center;\">\u00a0<\/div><div style=\"text-align: center;\">\u00a0<\/div><div style=\"text-align: center;\"><strong>INSTITUTUL CULTURAL ROM\u00c2N<\/strong><\/div><div style=\"text-align: center;\"><p>Aleea Alexandru nr. 38, sector 1, 011824, Bucure\u0219ti\u00a0<br \/>Tel.: 031-71.00.627, 031-71.00.606\u00a0<br \/>Fax: 031-71.00.607\u00a0<br \/>E-mail:\u00a0icr [at] icr.ro\u00a0<br \/><a href=\"http:\/\/www.icr.ro\/\">www.icr.ro<\/a>\u00a0<\/p><p><em>Persoan\u0103 de contact:<\/em><\/p><\/div><div style=\"text-align: center;\">Adina Nicolescu &#8211; adina.nicolescu [at] icr.ro<\/div><div style=\"text-align: center;\">\u00a0<\/div><div style=\"text-align: center;\"><em>Direc\u021bia Comunicare:\u00a0<\/em><\/div><div style=\"text-align: center;\">Tel: 031-71.00.622\u00a0\u00a0\u00a0\u00a0\u00a0\u00a0<br \/>E-mail:\u00a0biroul.presa [at] icr.ro<\/div>\t\t\t\t\t\t\t\t<\/div>\n\t\t\t\t<\/div>\n\t\t\t\t\t<\/div>\n\t\t\t\t<\/div>\n\t\t\t\t<\/div>\n\t\t<div id=\"e-n-tab-content-500503172\" role=\"tabpanel\" aria-labelledby=\"e-n-tab-title-500503172\" data-tab-index=\"2\" style=\"--n-tabs-title-order: 2;\" class=\" elementor-element elementor-element-6c0d1b2 e-con-full e-flex e-con e-child\" data-id=\"6c0d1b2\" data-element_type=\"container\">\n\t\t<div class=\"elementor-element elementor-element-e8bc4ce e-flex e-con-boxed e-con e-child\" data-id=\"e8bc4ce\" data-element_type=\"container\">\n\t\t\t\t\t<div class=\"e-con-inner\">\n\t\t\t\t<div class=\"elementor-element elementor-element-74e091d elementor-widget elementor-widget-text-editor\" data-id=\"74e091d\" data-element_type=\"widget\" data-widget_type=\"text-editor.default\">\n\t\t\t\t<div class=\"elementor-widget-container\">\n\t\t\t\t\t\t\t\t\t<div><p><strong>BUCURE\u0218T<\/strong><strong>I (08 &#8211; 18 mai)<\/strong><\/p><p><b><\/b><b>Sala\u00a0Luceaf\u0103rul\u00a0(8 mai)<\/b><b><br \/><\/b><span style=\"font-weight: 400;\">Str. Ion Ghica 3 \/\u00a0<\/span><span style=\"font-weight: 400;\">Capacitate:\u00a0450 locuri\u00a0<br \/>Bilete: <span style=\"color: #3366ff;\"><a style=\"color: #3366ff;\" href=\"https:\/\/www.bilet.ro\/venue\/sala-luceafarul\" target=\"_blank\" rel=\"noopener\">www.bilet.ro<\/a><br \/><br \/><\/span><\/span><b>Cinema Elvire Popesco<\/b><b>\u00a0(9 &#8211; 15 mai)<\/b><b><br \/><\/b><span style=\"font-weight: 400;\">Bd. Dacia nr. 77 \/ <\/span><span style=\"font-weight: 400;\">Tel: 0374.125.216<\/span><span style=\"font-weight: 400;\"><br \/><\/span><span style=\"font-weight: 400;\">Capacitate: 183 locuri\u00a0<br \/>Bilete: <span style=\"color: #3366ff;\"><a style=\"color: #3366ff;\" href=\"https:\/\/eventbook.ro\/festival\/festivalul-filmului-european\" target=\"_blank\" rel=\"noopener\">www.eventbook.ro<\/a><br \/><br \/><\/span><\/span><b>Cinemateca Eforie (9 &#8211; 11 mai \/ 16 &#8211; 18 mai)<\/b><b><br \/><\/b><span style=\"font-weight: 400;\">Str. Ion C\u00e2mpineanu 21 \/ <\/span><span style=\"font-weight: 400;\">Tel: 021-3139289<\/span><span style=\"font-weight: 400;\"><br \/><\/span><span style=\"font-weight: 400;\">Capacitate: 130 locuri\u00a0<br \/>Bilete: <span style=\"color: #3366ff;\"><a style=\"color: #3366ff;\" href=\"https:\/\/eventbook.ro\" target=\"_blank\" rel=\"noopener\">www.eventbook.ro<\/a><br \/><br \/><\/span><\/span><i><\/i><b>BRA\u0218OV\u00a0<\/b><b>(9 &#8211; 11 mai)<\/b><b><br \/><\/b><b>Centrul Cultural Reduta<\/b><span style=\"font-weight: 400;\"><br \/><\/span><span style=\"font-weight: 400;\">Str. Apollonia Hirscher 8 \/ <\/span><span style=\"font-weight: 400;\">Capacitate: 375: locuri<\/span><i><span style=\"font-weight: 400;\"><br \/><\/span><\/i><i><span style=\"font-weight: 400;\">Accesul la proiec\u021bii este gratuit!<br \/><br \/><\/span><\/i><i><\/i><b>TIMI\u0218OARA\u00a0<\/b><b>(15 &#8211; 18 mai)<\/b><b><br \/><\/b><a href=\"https:\/\/cinemastudio-tm.ro\/evenimente\/festivalul-filmului-european\/\"><b>Cinema Studio<\/b><\/a><span style=\"font-weight: 400;\"><br \/><\/span><span style=\"font-weight: 400;\">Str. Nicolaus Lenau 2, Timi\u0219oara \/ <\/span><span style=\"font-weight: 400;\">Capacitate: 184 locuri<br \/><\/span><span style=\"font-weight: 400;\">Bilete: <span style=\"color: #3366ff;\"><a style=\"color: #3366ff;\" href=\"https:\/\/eventbook.ro\/hall\/cinema-studio-timisoara\" target=\"_blank\" rel=\"noopener\">www.eventbook.ro<\/a><\/span><\/span><i><span style=\"font-weight: 400;\"><br \/><\/span><\/i><i><span style=\"font-weight: 400;\"><br \/><\/span><\/i><b>SF\u00c2NTU GHEORGHE <\/b><b>(17 &#8211; 18\u00a0mai)<\/b><b><br \/><\/b><b>Cinema Arta by Cityplex<\/b><b><br \/><\/b><span style=\"font-weight: 400;\">Str. K\u0151r\u00f6si <\/span><span style=\"font-weight: 400;\">Csoma<\/span><span style=\"font-weight: 400;\"> S\u00e1ndor 10<\/span><a href=\"https:\/\/www.google.com\/maps\/place\/data=!4m2!3m1!1s0x40b4a4bf8e05f25d:0xf30959b3322cd526?sa=X&amp;ved=1t:8290&amp;ictx=111\"><span style=\"font-weight: 400;\"><br \/>\u00a0\/ <\/span><\/a><span style=\"font-weight: 400;\">Capacitate: 80 locuri<br \/><\/span><i><span style=\"font-weight: 400;\">Accesul la proiec\u021bii este gratuit!<br \/><br \/><\/span><\/i><b>BOTO\u0218ANI<\/b><b>\u00a0(22 &#8211; 25\u00a0mai)<\/b><b><br \/><\/b><b>Cinema Unirea<\/b><b><br \/><\/b><span style=\"font-weight: 400;\">Str. Unirii nr. 4 \/ <\/span><span style=\"font-weight: 400;\">Capacitate: 470 locuri<br \/><\/span><i><span style=\"font-weight: 400;\">Accesul la proiec\u021bii este gratuit!<br \/><br \/><\/span><\/i><b>DEVA <\/b><b>(23 &#8211; 25\u00a0mai)<\/b><b><br \/><\/b><b>Centrul Cultural Dr\u0103gan Muntean<\/b><b><br \/><\/b><span style=\"font-weight: 400;\">Pia\u021ba Victoriei nr.7 \/ <\/span><span style=\"font-weight: 400;\">Capacitate: 550 locuri<br \/><\/span><i><span style=\"font-weight: 400;\">Accesul la proiec\u021bii este gratuit<br \/><br \/><\/span><\/i><b>IA\u0218I<\/b><b>\u00a0(23 &#8211; 25\u00a0mai)<\/b><b><br \/><\/b><b>Muzeul Vasile Pogor \u2013 Casa Junimii<\/b><span style=\"font-weight: 400;\">\u00a0<\/span><b><br \/><\/b><span style=\"font-weight: 400;\">Str. Vasile Pogor nr. 4 \/ <\/span><span style=\"font-weight: 400;\">Capacitate: 100 locuri<br \/><\/span><i><span style=\"font-weight: 400;\">Accesul la proiec\u021bii este gratuit!<br \/><br \/><\/span><\/i><b>CHITILA<\/b><b>\u00a0(30 mai &#8211; 1 iunie)<\/b><b><br \/><\/b><b>Amfiteatrul din Parcul Valea Mangului <\/b>(\u00een aer liber)<span style=\"font-weight: 400;\"><br \/><\/span><span style=\"font-weight: 400;\">Str. Lac de Nuferi \/ <\/span><span style=\"font-weight: 400;\">Capacitate: 200 locuri<\/span><i><span style=\"font-weight: 400;\"><br \/><\/span><\/i><i><span style=\"font-weight: 400;\">Accesul la proiec\u021bii este gratuit!<br \/><br \/><\/span><\/i><b>T\u00c2RGU JIU\u00a0<\/b><b>(30 mai &#8211; 1 iunie)<\/b><b><br \/><\/b><b>Cinema Sergiu Nicolaescu<\/b><span style=\"font-weight: 400;\"><br \/><\/span><span style=\"font-weight: 400;\">Str. Siretului nr. 8 \/ <\/span><span style=\"font-weight: 400;\">Capacitate: 300 locuri<\/span><i><span style=\"font-weight: 400;\"><br \/><\/span><\/i><i><span style=\"font-weight: 400;\">Accesul la proiec\u021bii este gratuit!<br \/><br \/><\/span><\/i><b>T\u00c2RGU MURE\u0218\u00a0<\/b><b>(30 mai &#8211; 1 iunie)<\/b><b><br \/><\/b><b>Muzeul Jude\u021bean Mure\u0219 \u2013 Sec\u0163ia de Arheologie \u0219i Istorie (Cetate), Sala Multimedia\u00a0<\/b><span style=\"font-weight: 400;\"><br \/><\/span><span style=\"font-weight: 400;\">Str. Avram Iancu nr. 2 \/ <\/span><span style=\"font-weight: 400;\">Capacitate: 50 locuri<\/span><span style=\"font-weight: 400;\"><br \/><\/span><i><span style=\"font-weight: 400;\">Accesul la proiec\u021bii este gratuit!<\/span><\/i><\/p><\/div>\t\t\t\t\t\t\t\t<\/div>\n\t\t\t\t<\/div>\n\t\t\t\t\t<\/div>\n\t\t\t\t<\/div>\n\t\t\t\t<\/div>\n\t\t<div id=\"e-n-tab-content-500503173\" role=\"tabpanel\" aria-labelledby=\"e-n-tab-title-500503173\" data-tab-index=\"3\" style=\"--n-tabs-title-order: 3;\" class=\" elementor-element elementor-element-1e07994 e-con-full e-flex e-con e-child\" data-id=\"1e07994\" data-element_type=\"container\">\n\t\t<div class=\"elementor-element elementor-element-b3e4b6a e-flex e-con-boxed e-con e-child\" data-id=\"b3e4b6a\" data-element_type=\"container\">\n\t\t\t\t\t<div class=\"e-con-inner\">\n\t\t\t\t\t<\/div>\n\t\t\t\t<\/div>\n\t\t\t\t<\/div>\n\t\t\t\t\t<\/div>\n\t\t<\/div>\n\t\t\t\t\t\t<\/div>\n\t\t\t\t<\/div>\n\t\t\t\t\t<\/div>\n\t\t\t\t<\/div>\n\t\t\t\t<\/div>\n\t\t","protected":false},"excerpt":{"rendered":"<p>Contact S\u0103li bilete Modific\u0103ri \u00een program FESTIVALUL FILMULUI EUROPEANC\u0103t\u0103lin Olaru, Directorul artistic 29.FFE &#8211; contact [at] ffe.ro\u00a0\u00a0INSTITUTUL [&hellip;]<\/p>\n","protected":false},"author":2,"featured_media":0,"parent":0,"menu_order":0,"comment_status":"closed","ping_status":"closed","template":"","meta":{"footnotes":""},"class_list":["post-6900","page","type-page","status-publish","hentry"],"_links":{"self":[{"href":"https:\/\/ffe.ro\/2026\/wp-json\/wp\/v2\/pages\/6900","targetHints":{"allow":["GET"]}}],"collection":[{"href":"https:\/\/ffe.ro\/2026\/wp-json\/wp\/v2\/pages"}],"about":[{"href":"https:\/\/ffe.ro\/2026\/wp-json\/wp\/v2\/types\/page"}],"author":[{"embeddable":true,"href":"https:\/\/ffe.ro\/2026\/wp-json\/wp\/v2\/users\/2"}],"replies":[{"embeddable":true,"href":"https:\/\/ffe.ro\/2026\/wp-json\/wp\/v2\/comments?post=6900"}],"version-history":[{"count":22,"href":"https:\/\/ffe.ro\/2026\/wp-json\/wp\/v2\/pages\/6900\/revisions"}],"predecessor-version":[{"id":7939,"href":"https:\/\/ffe.ro\/2026\/wp-json\/wp\/v2\/pages\/6900\/revisions\/7939"}],"wp:attachment":[{"href":"https:\/\/ffe.ro\/2026\/wp-json\/wp\/v2\/media?parent=6900"}],"curies":[{"name":"wp","href":"https:\/\/api.w.org\/{rel}","templated":true}]}}